{"id":84,"date":"2022-08-27T16:57:16","date_gmt":"2022-08-27T16:57:16","guid":{"rendered":"http:\/\/www.lucjanwieczorek.pl\/?page_id=84"},"modified":"2022-08-27T21:02:14","modified_gmt":"2022-08-27T21:02:14","slug":"kontakt","status":"publish","type":"page","link":"http:\/\/www.lucjanwieczorek.pl\/index.php\/kontakt\/","title":{"rendered":"Kontakt"},"content":{"rendered":"\n<p>Je\u015bli masz do mnie jakie\u015b pytania, prosz\u0119 napisz maila na adres:<\/p>\n\n\n\n<figure class=\"wp-block-image aligncenter size-full\"><img decoding=\"async\" width=\"639\" height=\"90\" data-src=\"http:\/\/www.lucjanwieczorek.pl\/wp-content\/uploads\/2022\/08\/adres.jpg\" alt=\"\" class=\"wp-image-85 lazyload\" data-srcset=\"http:\/\/www.lucjanwieczorek.pl\/wp-content\/uploads\/2022\/08\/adres.jpg 639w, http:\/\/www.lucjanwieczorek.pl\/wp-content\/uploads\/2022\/08\/adres-300x42.jpg 300w\" data-sizes=\"(max-width: 639px) 100vw, 639px\" src=\"data:image\/svg+xml;base64,PHN2ZyB3aWR0aD0iMSIgaGVpZ2h0PSIxIiB4bWxucz0iaHR0cDovL3d3dy53My5vcmcvMjAwMC9zdmciPjwvc3ZnPg==\" style=\"--smush-placeholder-width: 639px; --smush-placeholder-aspect-ratio: 639\/90;\" \/><\/figure>\n","protected":false},"excerpt":{"rendered":"<p>Je\u015bli masz do mnie jakie\u015b pytania, prosz\u0119 napisz maila na adres:<\/p>\n","protected":false},"author":1,"featured_media":0,"parent":0,"menu_order":3,"comment_status":"closed","ping_status":"closed","template":"","meta":{"footnotes":""},"class_list":["post-84","page","type-page","status-publish","hentry"],"_links":{"self":[{"href":"http:\/\/www.lucjanwieczorek.pl\/index.php\/wp-json\/wp\/v2\/pages\/84","targetHints":{"allow":["GET"]}}],"collection":[{"href":"http:\/\/www.lucjanwieczorek.pl\/index.php\/wp-json\/wp\/v2\/pages"}],"about":[{"href":"http:\/\/www.lucjanwieczorek.pl\/index.php\/wp-json\/wp\/v2\/types\/page"}],"author":[{"embeddable":true,"href":"http:\/\/www.lucjanwieczorek.pl\/index.php\/wp-json\/wp\/v2\/users\/1"}],"replies":[{"embeddable":true,"href":"http:\/\/www.lucjanwieczorek.pl\/index.php\/wp-json\/wp\/v2\/comments?post=84"}],"version-history":[{"count":1,"href":"http:\/\/www.lucjanwieczorek.pl\/index.php\/wp-json\/wp\/v2\/pages\/84\/revisions"}],"predecessor-version":[{"id":86,"href":"http:\/\/www.lucjanwieczorek.pl\/index.php\/wp-json\/wp\/v2\/pages\/84\/revisions\/86"}],"wp:attachment":[{"href":"http:\/\/www.lucjanwieczorek.pl\/index.php\/wp-json\/wp\/v2\/media?parent=84"}],"curies":[{"name":"wp","href":"https:\/\/api.w.org\/{rel}","templated":true}]}}